{"id":84,"date":"2013-09-21T12:52:14","date_gmt":"2013-09-21T12:52:14","guid":{"rendered":"http:\/\/orivedenmetsastysseura.fi\/?page_id=84"},"modified":"2026-05-05T19:09:51","modified_gmt":"2026-05-05T16:09:51","slug":"ampumarata","status":"publish","type":"page","link":"https:\/\/orivedenmetsastysseura.fi\/?page_id=84","title":{"rendered":"Ampumarata"},"content":{"rendered":"<p style=\"text-align: justify;\">Oriveden Mets\u00e4stysseura omistaa Loilon ampumaradan yhdess\u00e4 Oriveden Ampujien kanssa. Radalla on voimassa oleva ymp\u00e4rist\u00f6lupa.<\/p>\n<p style=\"text-align: justify;\">Ymp\u00e4rist\u00f6luvan mukaisesti ampumaratatoimikunta p\u00e4\u00e4tt\u00e4\u00e4 radan k\u00e4yt\u00f6st\u00e4.<\/p>\n<p><span style=\"font-size: 20px; font-weight: bold; letter-spacing: -0.0415625em;\">Ampumaradan vuorot<\/span><\/p>\n<p><a href=\"https:\/\/loilonampumarata.yhdistysavain.fi\/\">https:\/\/loilonampumarata.yhdistysavain.fi\/<\/a><\/p>\n<p style=\"text-align: left;\">Ohjatut harjoitukset tiistaisin Skeet klo 17:00-19:00, Hirvi keskiviikkoisin\u00a0 klo 18:00-20:00, Trap perjantaisin klo 17.00-19:00. Ohjatuissa vuoroissa kukin valvoja hankkii itselleen sijaisen esteen sattuessa. Sek\u00e4 harjoituksissa ett\u00e4 kilpailuissa pit\u00e4\u00e4 aina olla valvoja.<\/p>\n<p style=\"text-align: justify;\">Yht\u00e4 aikaa hirvi- tai haulikkoammunnan kanssa ei voi ampua muita ammuntoja.<br \/>Ampumavalvojien tulee tutustua ymp\u00e4rist\u00f6luvan ehtoihin. Huomatkaa my\u00f6s, ett\u00e4 ymp\u00e4rist\u00f6luvan mukaan ammuntaharjoituksissa ammutut laukaukset on tilastoitava.<\/p>\n<h3>Sijanti<\/h3>\n<p>Loilon ampumarata sijaitsee Loilontien p\u00e4\u00e4ss\u00e4 Orivedell\u00e4.<br \/><iframe loading=\"lazy\" src=\"https:\/\/maps.google.com\/maps?f=q&amp;source=s_q&amp;hl=fi&amp;geocode=&amp;q=Loilontie+103,+Orivesi,+Suomi&amp;aq=&amp;sll=61.701133,24.395826&amp;sspn=0.012207,0.045447&amp;ie=UTF8&amp;hq=&amp;hnear=Loilontie+103,+Orivesi,+Suomi&amp;t=m&amp;ll=61.701105,24.395828&amp;spn=0.048828,0.156898&amp;z=13&amp;iwloc=A&amp;output=embed\" width=\"600\" height=\"400\" frameborder=\"0\" marginwidth=\"0\" marginheight=\"0\" scrolling=\"no\"><\/iframe><br \/><small><a style=\"color: #0000ff; text-align: left;\" href=\"https:\/\/maps.google.com\/maps?f=q&amp;source=embed&amp;hl=fi&amp;geocode=&amp;q=Loilontie+103,+Orivesi,+Suomi&amp;aq=&amp;sll=61.701133,24.395826&amp;sspn=0.012207,0.045447&amp;ie=UTF8&amp;hq=&amp;hnear=Loilontie+103,+Orivesi,+Suomi&amp;t=m&amp;ll=61.701105,24.395828&amp;spn=0.048828,0.156898&amp;z=13&amp;iwloc=A\">N\u00e4yt\u00e4 suurempi kartta<\/a><\/small><\/p>\n<p><strong>ORIVEDEN METS\u00c4STYSSEURA RY:N HARJOITUS- JA KILPAILUKALENTERI 2026<\/strong><\/p>\n<p><strong>Hirviammunnat 2026<\/strong><\/p>\n<p>Harjoitukset keskiviikkoisin: klo 16.30\u201318.00 kohdistus, klo 18.00\u201320.00 hirvi.<\/p>\n<p>Ilmoittautuminen valvojalle klo 19:00 menness\u00e4.<\/p>\n<p>Valvojat \u00a0\u00a0\u00a0\u00a0\u00a0\u00a0\u00a0\u00a0\u00a0\u00a0\u00a0\u00a0\u00a0\u00a0<\/p>\n<p>6.5. Hirvi Kuusenoksa ja Leskinen<\/p>\n<p>20.5 Hirvi Vilko ja Koutonen<\/p>\n<p>27.5. Hirvi Viiankorvet<\/p>\n<p>3.6. Hirvi Helander ja Ukkola<\/p>\n<p>10.6. Hirvi Paavola ja M\u00e4\u00e4tt\u00e4<\/p>\n<p>17.6. Hirvi Leinonen ja Palo<\/p>\n<p>24.6. Hirvi Wall ja Arvola<\/p>\n<p>1.7. Hirvi Leskinen ja Koutonen<\/p>\n<p>8.7. Hirvi Paavola ja Hakala<\/p>\n<p>15.7. \u00a0\u00a0\u00a0 Hirvi Wall ja Arvola<\/p>\n<p>22.7. Hirvi Helander ja Keskinen<\/p>\n<p>29.7. Hirvi Apo ja Kuusenoksa<\/p>\n<p>1.8 RHY hirvikoe klo 10-12 OMS (Uotila ja Humalam\u00e4ki)<\/p>\n<p>1.8 Haulikko 12-16 kisa OMS ja OA)<\/p>\n<p>5.8. \u00a0\u00a0\u00a0 Hirvi OMS 4+6 kisa Koskinen ja J\u00e4rvinen<\/p>\n<p>8.8 RHY hirvikoe \u00a0klo 10-12 OMS (Apo ja Rotonen)<\/p>\n<p>12.8. Hirvi Rotonen ja Hakala<\/p>\n<p>15.8. RHY hirvikoe 10-12 (Viiankorpi J ja Vilko))<\/p>\n<p>19.8. Hirvi Viiankorvet<\/p>\n<p>22.8. RHY hirvikoe klo 10-12 (Uotila ja Viiankorpi J)<\/p>\n<p>26.8. Hirvi \u00a0Leskinen ja Palo<\/p>\n<p>2.9. Hirvi Rotonen ja Karvinen<\/p>\n<p>9.9. Hirvi \u00a0M\u00e4\u00e4tt\u00e4 ja Ukkola<\/p>\n<p>16.9. Hirvi Koutonen ja Hakala<\/p>\n<p>25.9 Hirvi Riissanen ja Palmu<\/p>\n<p>3.1.2027\u00a0 RHY hirvikoe \u00a0klo 12-14 OMS (Vilko, Pakarinen, Humalam\u00e4ki )<\/p>\n<p>Kukin valvoja hankkii itselleen sijaisen esteen sattuessa. Sek\u00e4 harjoituksissa ett\u00e4 kilpailuissa pit\u00e4\u00e4 aina olla valvoja. Ampumavalvojat tutustukaa \u00a0ymp\u00e4rist\u00f6luvan \u00a0ehtoihin. \u00a0\u00a0Huomatkaa my\u00f6s, ett\u00e4 ymp\u00e4rist\u00f6luvan mukaan ammuntaharjoituksissa ammutut laukaukset on tilastoitava.<\/p>\n<p>17.5. riistakeskus j\u00e4rjest\u00e4\u00e4 hirvikoeammunnan valvojien kurssin.<\/p>\n<p><strong>Trapammunnat 2026<\/strong><\/p>\n<p>Harjoitukset perjantaisin klo 17.00\u201319:00<\/p>\n<p>Ilmoittautuminen valvojalle klo 18:00 menness\u00e4.<\/p>\n<p>8.5\u00a0 \u00a0 \u00a0 \u00a0 \u00a0 \u00a0 \u00a0 \u00a0 Pasi Koivula\u00a0 \u00a0 \u00a0<\/p>\n<p>15.5\u00a0 \u00a0 \u00a0 \u00a0 \u00a0 \u00a0 \u00a0 \u00a0Mikko Taipale<\/p>\n<p>22.5\u00a0 \u00a0 \u00a0 \u00a0 \u00a0 \u00a0 \u00a0 \u00a0Arto Poutiainen\u00a0 \u00a0\u00a0<\/p>\n<p>29.5\u00a0 \u00a0 \u00a0 \u00a0 \u00a0 \u00a0 \u00a0 \u00a0Hannu Heinelo\u00a0 \u00a0\u00a0<\/p>\n<p>5.6\u00a0 \u00a0 \u00a0 \u00a0 \u00a0 \u00a0 \u00a0 \u00a0 \u00a0PRau\u00a0<\/p>\n<p>12.6\u00a0 \u00a0 \u00a0 \u00a0 \u00a0 \u00a0 \u00a0 \u00a0Mikko Taipale<\/p>\n<p>19.6\u00a0 \u00a0 \u00a0 \u00a0 \u00a0 \u00a0 \u00a0 \u00a0Ei harjoitusta<\/p>\n<p>26.6\u00a0 \u00a0 \u00a0 \u00a0 \u00a0 \u00a0 \u00a0 \u00a0Santtu Pakarinen<\/p>\n<p>3.7\u00a0 \u00a0 \u00a0 \u00a0 \u00a0 \u00a0 \u00a0 \u00a0 MR-SM, ei harjoitusta\u00a0\u00a0<\/p>\n<p>10.7\u00a0 \u00a0 \u00a0 \u00a0 \u00a0 \u00a0 \u00a0 Juho Eskola<\/p>\n<p>17.7\u00a0 \u00a0 \u00a0 \u00a0 \u00a0 \u00a0 \u00a0 Juho Eskola<\/p>\n<p>24.7\u00a0 \u00a0 \u00a0 \u00a0 \u00a0 \u00a0 \u00a0 Jani Humalam\u00e4ki<\/p>\n<p>31.7\u00a0 \u00a0 \u00a0 \u00a0 \u00a0 \u00a0 \u00a0 Timo Hiltunen\u00a0<\/p>\n<p>7.8\u00a0 \u00a0 \u00a0 \u00a0 \u00a0 \u00a0 \u00a0 \u00a0 \u00a0PRau\u00a0 \u00a0<\/p>\n<p>9.8\u00a0 \u00a0 \u00a0 \u00a0 \u00a0 \u00a0 \u00a0 \u00a0 \u00a0OMS ja OrivA j\u00e4senten v\u00e4linen kilpailu, HIltunen<\/p>\n<p>14.8\u00a0 \u00a0 \u00a0 \u00a0 \u00a0 \u00a0 \u00a0 \u00a0Juho Eskola\u00a0 \u00a0 \u00a0<\/p>\n<p>21.8\u00a0 \u00a0 \u00a0 \u00a0 \u00a0 \u00a0 \u00a0 \u00a0Arto Poutiainen\u00a0 \u00a0\u00a0<\/p>\n<p>28.8\u00a0 \u00a0 \u00a0 \u00a0 \u00a0 \u00a0 \u00a0 \u00a0Rami Raittinen<\/p>\n<p>Kukin valvoja hankkii itselleen sijaisen esteen sattuessa. Sek\u00e4 harjoituksissa ett\u00e4 kilpailuissa pit\u00e4\u00e4 aina olla valvoja. Ampumavalvojat tutustukaa ymp\u00e4rist\u00f6luvan ehtoihin. Huomatkaa my\u00f6s, ett\u00e4 ymp\u00e4rist\u00f6luvan mukaan ammuntaharjoituksissa ammutut laukaukset on tilastoitava.<\/p>\n<p><strong>Skeetammunnat 2026<\/strong><\/p>\n<p>Harjoitukset tiistaisin klo 17.00\u201319.00.<\/p>\n<p>Ilmoittautuminen valvojalle klo 18:00 menness\u00e4.<\/p>\n<div dir=\"auto\">21.4. Timo Hiltunen\u00a0<\/div>\n<div dir=\"auto\">\u00a0<\/div>\n<div dir=\"auto\">28.4. Timo Hiltunen\u00a0<\/div>\n<div dir=\"auto\">\u00a0<\/div>\n<div dir=\"auto\">5.5. Jukka Autere<\/div>\n<div dir=\"auto\">\u00a0<\/div>\n<div dir=\"auto\">12.5. Jukka Autere<\/div>\n<div dir=\"auto\">\u00a0<\/div>\n<div dir=\"auto\">19.5. Jarkko Ruotsalainen<\/div>\n<div dir=\"auto\">\u00a0<\/div>\n<div dir=\"auto\">26.5. Jarkko Ruotsalainen<\/div>\n<div dir=\"auto\">\u00a0<\/div>\n<div dir=\"auto\">2.6. Tuomo Leskinen<\/div>\n<div dir=\"auto\">\u00a0<\/div>\n<div dir=\"auto\">9.6. Tuomo Leskinen\u00a0<\/div>\n<div dir=\"auto\">\u00a0<\/div>\n<div dir=\"auto\">16.6. Tuomo Leskinen\u00a0<\/div>\n<div dir=\"auto\">\u00a0<\/div>\n<div dir=\"auto\">23.6. Timo Hiltunen\u00a0<\/div>\n<div dir=\"auto\">\u00a0<\/div>\n<div dir=\"auto\">29.6. Timo Hiltunen<\/div>\n<div dir=\"auto\">\u00a0<\/div>\n<div dir=\"auto\">7.7. Tuomas Tukia<\/div>\n<div dir=\"auto\">\u00a0<\/div>\n<div dir=\"auto\">14.7. Timo Hiltunen\u00a0<\/div>\n<div dir=\"auto\">\u00a0<\/div>\n<div dir=\"auto\">21.7. Juho Eskola\u00a0<\/div>\n<div dir=\"auto\">\u00a0<\/div>\n<div dir=\"auto\">28. Timo Hiltunen\u00a0<\/div>\n<div dir=\"auto\">\u00a0<\/div>\n<div dir=\"auto\">4.8. Juho Eskola\u00a0<\/div>\n<div dir=\"auto\">\u00a0<\/div>\n<div dir=\"auto\">9.8. OMS &amp; OrivA j\u00e4senten v\u00e4linen\u00a0 \u00a0 \u00a0 \u00a0 \u00a0 \u00a0 \u00a0 \u00a0 kilpailu, Timo Hiltunen\u00a0<\/div>\n<div dir=\"auto\">\u00a0<\/div>\n<div dir=\"auto\">11.8. Timo Hiltunen\u00a0<\/div>\n<div dir=\"auto\">\u00a0<\/div>\n<div dir=\"auto\">18.8. Tuomas Tukia\u00a0<\/div>\n<div dir=\"auto\">\u00a0<\/div>\n<div dir=\"auto\">25.8. Timo Hiltunen\u00a0<\/div>\n<div dir=\"auto\">\u00a0<\/div>\n<div dir=\"auto\">1.9. Timo Hiltunen\u00a0<\/div>\n<div dir=\"auto\">\u00a0<\/div>\n<div dir=\"auto\">8.9. Timo Hiltunen\u00a0<\/div>\n<div dir=\"auto\">\u00a0<\/div>\n<div dir=\"auto\">15.9. Timo Hiltunen\u00a0<\/div>\n<div dir=\"auto\">\u00a0<\/div>\n<div dir=\"auto\">\u00a0<\/div>\n<p>Kukin valvoja hankkii itselleen sijaisen esteen sattuessa. Sek\u00e4 harjoituksissa ett\u00e4 kilpailuissa pit\u00e4\u00e4 aina olla valvoja. Ampumavalvojat tutustukaa ymp\u00e4rist\u00f6luvan ehtoihin. Huomatkaa my\u00f6s, ett\u00e4 ymp\u00e4rist\u00f6luvan mukaan ammuntaharjoituksissa ammutut laukaukset on tilastoitava.<\/p>\n<p><!--&nbsp;\n\n<b>Hirviammunnat 2019<\/b><b><\/b>\n\n<b> <\/b> Valvojat\n\n&nbsp;\n\n8.5. Hirvi Koskinen ja Surakka\n\n15. 5 Hirvi Vilko ja J\u00e4rvinen\n\n22.5. Hirvi Kuusenoksa ja Apo\n\n5.6. Hirvi Koskinen ja K\u00e4hk\u00f6nen P\n\n12. 6. Hirvi Paavola ja Koivula\n\n19. 6. Hirvi Nikkil\u00e4 ja Helander\n\n26.6. Hirvi Riissanen ja K\u00e4hk\u00f6nen J\n\n3. 7. Hirvi Palmu ja Kontra\n\n10.7. Hirvi Viiankorpi ja Humalam\u00e4ki\n\n17.7. \u00a0\u00a0Hirvi Kilpinen ja Arvola\n\n24.7. Hirvi Vilko ja Wall\n\n31.7. Hirvi Paavola ja Arvola\n\n3.8. Hirvikoe RHY 10-12 Lyly ms\n\n7.8. \u00a0\u00a0\u00a0Hirvi OMS 4+6 kisa Koskinen ja K\u00e4hk\u00f6nen P\n\n10.8. Hirvikoe RHY 10-12 Juupajoki ms\n\n15.8. \u00a0\u00a0Hirvi \u00a0 Viiankorpi ja Kontra\n\n22. 8. Hirvi \u00a0Eskola ja Apo\n\n24.8 Hirvikoe RHY 10-12 \u00a0\u00a0\u00a0OMS\n\n29.8. Luodikko ja hirvi 10 juoksua OMS kisa Kilpinen ja J\u00e4rvinen\n\n31.8. Hirvikoe RHY 10-12 OMS\n\n4.9. Hirvi K\u00e4hk\u00f6nen J ja Koivula P\n\n11.9. Hirvi Kuusenoksa ja Svenn\n\n18.9. Hirvi Humalam\u00e4ki ja Palmu\n\n22. 9. Yhteislupaporukan hirviammuntap\u00e4iv\u00e4 klo 12- Jahtivouti ja Kilpinen\n\n25. 9. Hirvi Paavola ja Helander\n\n28.9. Hirvikoe RHY klo 10-12 OMS\n\n2.10 Hirvi Riissanen ja Koivula\n\n12. 1.2020 Hirvikoe RHY \u00a012-14 OMS\n\n&nbsp;\n\nKukin valvoja hankkii itselleen sijaisen esteen sattuessa. Sek\u00e4 harjoituksissa ett\u00e4 kilpailuissa pit\u00e4\u00e4 aina olla valvoja. Ampumavalvojat tutustukaa \u00a0ymp\u00e4rist\u00f6luvan \u00a0ehtoihin. \u00a0\u00a0Huomatkaa my\u00f6s, ett\u00e4 ymp\u00e4rist\u00f6luvan mukaan ammuntaharjoituksissa ammutut laukaukset on tilastoitava.\n\n&nbsp;\n\n&nbsp;\n\n<b>Haulikkoammunnat 2019<\/b><b><\/b>\n\n&nbsp;\n\n3.5. Haulikko Rauham\u00e4ki\n\n10.5. Haulikko Ahonen I\n\n17.5. Haulikko Eskola\n\n24.5. Haulikko Hiltunen\n\n31.5. Haulikko Ahonen V\n\n7.6. Haulikko Humalam\u00e4ki\n\n14.6 Haulikko Ahonen I\n\n5.7. Haulikko Hiltunen\n\n12.7. Haulikko Koivula\n\n19. 7. Haulikko Ahonen V\n\n26.7. Haulikko Eskola\n\n2.8. Mets\u00e4stysammunta ja trap kilpailu OMS\/OA Hiltunen\n\n9.8. Haulikko Juho Eskola\n\n16.8. Haulikko Pasi Koivula\n\n23.8. Haulikko Ville Ahonen\n\n31.8. RHY haulikkokisa Lullissa klo 12-15\n\n&nbsp;\n\nKukin valvoja hankkii itselleen sijaisen esteen sattuessa. Sek\u00e4 harjoituksissa ett\u00e4 kilpailuissa pit\u00e4\u00e4 aina olla valvoja. Ampumavalvojat tutustukaa \u00a0ymp\u00e4rist\u00f6luvan \u00a0ehtoihin. \u00a0\u00a0Huomatkaa my\u00f6s, ett\u00e4 ymp\u00e4rist\u00f6luvan mukaan ammuntaharjoituksissa ammutut laukaukset on tilastoitava. --><\/p>\n\n\n<p><\/p>\n","protected":false},"excerpt":{"rendered":"<p>Oriveden Mets\u00e4stysseura omistaa Loilon ampumaradan yhdess\u00e4 Oriveden Ampujien kanssa. Radalla on voimassa oleva ymp\u00e4rist\u00f6lupa. Ymp\u00e4rist\u00f6luvan mukaisesti ampumaratatoimikunta p\u00e4\u00e4tt\u00e4\u00e4 radan k\u00e4yt\u00f6st\u00e4. Ampumaradan vuorot https:\/\/loilonampumarata.yhdistysavain.fi\/ Ohjatut harjoitukset tiistaisin Skeet klo 17:00-19:00, Hirvi keskiviikkoisin\u00a0 klo 18:00-20:00, Trap perjantaisin klo 17.00-19:00. Ohjatuissa vuoroissa kukin &hellip;<\/p>\n<p class=\"read-more\"> <a class=\"more-link\" href=\"https:\/\/orivedenmetsastysseura.fi\/?page_id=84\"> <span class=\"screen-reader-text\">Ampumarata<\/span> Read More &raquo;<\/a><\/p>\n","protected":false},"author":1,"featured_media":0,"parent":0,"menu_order":0,"comment_status":"closed","ping_status":"open","template":"","meta":{"ngg_post_thumbnail":0,"footnotes":""},"class_list":["post-84","page","type-page","status-publish","hentry"],"_links":{"self":[{"href":"https:\/\/orivedenmetsastysseura.fi\/index.php?rest_route=\/wp\/v2\/pages\/84","targetHints":{"allow":["GET"]}}],"collection":[{"href":"https:\/\/orivedenmetsastysseura.fi\/index.php?rest_route=\/wp\/v2\/pages"}],"about":[{"href":"https:\/\/orivedenmetsastysseura.fi\/index.php?rest_route=\/wp\/v2\/types\/page"}],"author":[{"embeddable":true,"href":"https:\/\/orivedenmetsastysseura.fi\/index.php?rest_route=\/wp\/v2\/users\/1"}],"replies":[{"embeddable":true,"href":"https:\/\/orivedenmetsastysseura.fi\/index.php?rest_route=%2Fwp%2Fv2%2Fcomments&post=84"}],"version-history":[{"count":117,"href":"https:\/\/orivedenmetsastysseura.fi\/index.php?rest_route=\/wp\/v2\/pages\/84\/revisions"}],"predecessor-version":[{"id":896,"href":"https:\/\/orivedenmetsastysseura.fi\/index.php?rest_route=\/wp\/v2\/pages\/84\/revisions\/896"}],"wp:attachment":[{"href":"https:\/\/orivedenmetsastysseura.fi\/index.php?rest_route=%2Fwp%2Fv2%2Fmedia&parent=84"}],"curies":[{"name":"wp","href":"https:\/\/api.w.org\/{rel}","templated":true}]}}