{"id":78,"date":"2013-09-21T12:43:34","date_gmt":"2013-09-21T12:43:34","guid":{"rendered":"http:\/\/orivedenmetsastysseura.fi\/?page_id=78"},"modified":"2026-04-16T18:36:49","modified_gmt":"2026-04-16T15:36:49","slug":"yhteystiedot","status":"publish","type":"page","link":"https:\/\/orivedenmetsastysseura.fi\/?page_id=78","title":{"rendered":"Yhteystiedot"},"content":{"rendered":"<h4>Puheenjohtaja:<\/h4>\n<blockquote><p>Antti Uotila<br \/>\ngsm: 0400 739 126<br \/>\nanttiu (at) kolumbus.fi<br \/>\nUotilantie 22, 35300 Orivesi<\/p><\/blockquote>\n<h4>Varapuheenjohtaja:<\/h4>\n<blockquote><p>Juho Eskola<br \/>\ngsm: 0400 477 089<\/p>\n<p>Mett\u00e4l\u00e4n varaukset<\/p><\/blockquote>\n<h4>Sihteeri:<\/h4>\n<blockquote>\n<p id=\"pekkajarvinen\">\n<\/blockquote>\n<h4>Rahastonhoitaja:<\/h4>\n<blockquote><p>Vesa Kuusenoksa<br \/>\ngsm: 040 594 0571<\/p><\/blockquote>\n<h4>Johtokunnan muut j\u00e4senet:<\/h4>\n<blockquote>\n<p id=\"ristonikkila\">Jani Humalam\u00e4ki<br \/>\ngsm: 045 2236844<\/p>\n<p id=\"karikoskinen\">Timo Vilko<br \/>\ntimo.vilko(\u00e4t)gmail.com<\/p>\n<p>Pentti Paavola<br \/>\ngsm: 040 583 2224<\/p>\n<p>Pekka J\u00e4rvinen<br \/>\ngsm: 040 649 5209<\/p><\/blockquote>\n","protected":false},"excerpt":{"rendered":"<p>Puheenjohtaja: Antti Uotila gsm: 0400 739 126 anttiu (at) kolumbus.fi Uotilantie 22, 35300 Orivesi Varapuheenjohtaja: Juho Eskola gsm: 0400 477 089 Mett\u00e4l\u00e4n varaukset Sihteeri: Rahastonhoitaja: Vesa Kuusenoksa gsm: 040 594 0571 Johtokunnan muut j\u00e4senet: Jani Humalam\u00e4ki gsm: 045 2236844 Timo &hellip;<\/p>\n<p class=\"read-more\"> <a class=\"more-link\" href=\"https:\/\/orivedenmetsastysseura.fi\/?page_id=78\"> <span class=\"screen-reader-text\">Yhteystiedot<\/span> Read More &raquo;<\/a><\/p>\n","protected":false},"author":1,"featured_media":0,"parent":0,"menu_order":0,"comment_status":"closed","ping_status":"open","template":"","meta":{"ngg_post_thumbnail":0,"footnotes":""},"class_list":["post-78","page","type-page","status-publish","hentry"],"_links":{"self":[{"href":"https:\/\/orivedenmetsastysseura.fi\/index.php?rest_route=\/wp\/v2\/pages\/78","targetHints":{"allow":["GET"]}}],"collection":[{"href":"https:\/\/orivedenmetsastysseura.fi\/index.php?rest_route=\/wp\/v2\/pages"}],"about":[{"href":"https:\/\/orivedenmetsastysseura.fi\/index.php?rest_route=\/wp\/v2\/types\/page"}],"author":[{"embeddable":true,"href":"https:\/\/orivedenmetsastysseura.fi\/index.php?rest_route=\/wp\/v2\/users\/1"}],"replies":[{"embeddable":true,"href":"https:\/\/orivedenmetsastysseura.fi\/index.php?rest_route=%2Fwp%2Fv2%2Fcomments&post=78"}],"version-history":[{"count":27,"href":"https:\/\/orivedenmetsastysseura.fi\/index.php?rest_route=\/wp\/v2\/pages\/78\/revisions"}],"predecessor-version":[{"id":888,"href":"https:\/\/orivedenmetsastysseura.fi\/index.php?rest_route=\/wp\/v2\/pages\/78\/revisions\/888"}],"wp:attachment":[{"href":"https:\/\/orivedenmetsastysseura.fi\/index.php?rest_route=%2Fwp%2Fv2%2Fmedia&parent=78"}],"curies":[{"name":"wp","href":"https:\/\/api.w.org\/{rel}","templated":true}]}}