{"id":67,"date":"2013-09-21T08:43:51","date_gmt":"2013-09-21T08:43:51","guid":{"rendered":"http:\/\/orivedenmetsastysseura.fi\/?page_id=67"},"modified":"2026-05-05T19:14:12","modified_gmt":"2026-05-05T16:14:12","slug":"metsastys","status":"publish","type":"page","link":"https:\/\/orivedenmetsastysseura.fi\/?page_id=67","title":{"rendered":"Mets\u00e4stys"},"content":{"rendered":"<h3>Mets\u00e4stysalueet<\/h3>\n<p style=\"text-align: justify;\">Seuran pienriista-alueiden kartta jaetaan uusille j\u00e4senille ja tarvittaessa sit\u00e4 voi tilata seuran <a href=\"http:\/\/orivedenmetsastysseura.fi\/?page_id=78#vesakuusenoksa\">rahastonhoitajalta<\/a> tai <a href=\"http:\/\/orivedenmetsastysseura.fi\/?page_id=78#anttiuotila\">puheenjohtajalta<\/a>. Kartasta ilmenee joitakin tiloja koskevat erikoisrajoitukset. Kartta on n\u00e4ht\u00e4vill\u00e4 kes\u00e4kokouksessa.<\/p>\n<h3>Pienriistan mets\u00e4stys<\/h3>\n<p style=\"text-align: justify;\">Pienriistan mets\u00e4styksen rajoituksista p\u00e4\u00e4tettiin seuran kokouksessa 5.8.2025<\/p>\n<p style=\"text-align: justify;\"><strong>Sorsastus:<\/strong><\/p>\n<p>Sorsastus avausp\u00e4iv\u00e4n\u00e4 ke 20.8. Oripohjassa ja Orissel\u00e4ll\u00e4 sallittu kello 12- tunti auringonlaskun j\u00e4lkeen. Sen j\u00e4lkeen oripohjanj\u00e4rvell\u00e4 laskuojineen ma,ke, pe kello 17 -tunti auringonlaskun j\u00e4lkeen. Orissel\u00e4ll\u00e4 10.9. alkaen ma-la ilman aikarajoja.<\/p>\n<p>Oripohjanj\u00e4rvell\u00e4 1.10. alkaen kello 15 \u2013 tunti auringonlaskun j\u00e4lkeen. Oripohjanj\u00e4rvell\u00e4 enint\u00e4\u00e4n yksi vieraskortti \/ is\u00e4nt\u00e4. Vesilinnunmets\u00e4stys kohdistetaan hein\u00e4sorsaan ja kanadanhanheen ja v\u00e4ltet\u00e4\u00e4n taantuvien vesilintulajien mets\u00e4styst\u00e4.<\/p>\n<p><strong>Kanalinnuilla<\/strong> kiinti\u00f6 4 teert\u00e4 tai yksi metso ja yksi teeri. J\u00e4senen kiinti\u00f6\u00f6n lasketaan mukaan j\u00e4senen vieraana olevien vieraskorttilaisten saalis. Pyill\u00e4 ei kiinti\u00f6t\u00e4. Kanalintujen mets\u00e4stysajat vahvistaa ministeri\u00f6 syyskuun alussa. Saalisilmoitukset omaan riistaan.<\/p>\n<p><strong>Mets\u00e4stys alueet: Pehulassa tilalla 562-417-7-3 on toistaiseksi pienriistan mets\u00e4stys kielletty <\/strong><strong>lukuunottamatta supia alue esitelty kokouksessa.<\/strong><\/p>\n<p>Seuramme <strong>pienpetokilpailun<\/strong> palkintona on 50 \u20ac:n lahjakortti pienpetojen pyynniss\u00e4 tarvittavien patruunoiden tai v\u00e4lineiden hankintaan. Palkitseminen edellytt\u00e4\u00e4 22 pisteen rajan saavuttamista ja saalistietojen on oltava ilmoitettuna Omassa Riistassa. Oma Riista listaus toimitetaan rahastonhoitajalle. 3 pistett\u00e4: kettu, supi, minkki, n\u00e4\u00e4t\u00e4. 1 piste: varis, naakka ja harakka. Kilpailuaika on kalenterivuosi 2025. Saalis on pyydett\u00e4v\u00e4 OMS:n mets\u00e4stysalueelta<\/p>\n<h3>Kauriin mets\u00e4stys<\/h3>\n<p>Mets\u00e4styskaudelle 1.9.2025 \u2013 15.2.2026 ja 16.5.2026 \u2013 15.6.2026 ei saaliskiinti\u00f6t\u00e4. Pekka J\u00e4rvinen hoitaa 2026 kev\u00e4tpukkijahdin kytt\u00e4varaukset ja toimii\u00a0 kytt\u00e4ysvastaavana varmistaen\u00a0 kaatoilmoitukset. Kytt\u00e4yspaikkojen varaukset kello 18 menness\u00e4. Seuran j\u00e4senet voivat osallistua seuruejahtiin, jossa k\u00e4ytet\u00e4\u00e4n kaurisajoon soveltuvia koiria. Seuruejahdista kiinnostuneet ilmoittautuvat kaurisvastaavalle ja saavat h\u00e4nelt\u00e4 tekstiviestin\u00e4 ilmoituksen jahdista. Seuruejahdissa k\u00e4ytet\u00e4\u00e4n oranssipunaisia p\u00e4\u00e4hineit\u00e4 ja liivej\u00e4. Seuruejahtiin pit\u00e4\u00e4 olla kytt\u00e4ysvastaavan lupa ja jahdin vastuuhenkil\u00f6 pit\u00e4\u00e4 olla nimetty. Saalis jaetaan mets\u00e4styksen osallistujien keskeen arpomalla. Riistanhoidollisista syit\u00e4 verotettavista kauriista noin puolet tulisi olla vasoja ja aikuissaaliista puolet naaraita.<\/p>\n<h3>Hirvikoirien koulutus<\/h3>\n<p>Koulutus sallittu 1. Teerimaassa lukuun ottamatta koskuenojan ja yliskyl\u00e4ntien v\u00e4linen alue. 2. Enonkunnantien ja Saparontien v\u00e4lisell\u00e4 alueella. 3. Savij\u00e4rvenmaassa. Koirien koulutuksessa tauko ennen mets\u00e4styst\u00e4 5.10 \u2013 11.10.25. Mets\u00e4stysaikana koirien koulutus sallittu jahtivoudin osoittamassa paikassa. Hirvestyksen j\u00e4lkeen koirien koulukseen k\u00e4yt\u00f6ss\u00e4 kaikki maastot. Mets\u00e4styslain mukaisesti rajoitukset eiv\u00e4t koske alle 5kk ik\u00e4ist\u00e4 pentua.<\/p>\n<h3>Villisian mets\u00e4stys<\/h3>\n<p>Sallittu seuruemets\u00e4styksen\u00e4 mies tai koira-ajona tai kytt\u00e4ysmets\u00e4styksen\u00e4. Seuruemets\u00e4styksess\u00e4 jahdissa pit\u00e4\u00e4 olla mukana mets\u00e4styksen johtaja joka on joku <a href=\"OMS:\/\/n\">OMS:n<\/a> hirvi- tai peuramets\u00e4styksen johtajista. Oranssit liivit ja p\u00e4\u00e4hine pit\u00e4\u00e4 olla osallistujilla. Koiraa voi k\u00e4ytt\u00e4\u00e4 seuruejahdissa 20.8-29.2. Villisian voi ampua sivusaaliina muun mets\u00e4styksen yhteydess\u00e4 jos lain vaatimat edellytykset toteutuvat. Kytt\u00e4ysjahdista passipaikkavaraus kytt\u00e4ysvastaavalta hirviel\u00e4inmets\u00e4styksen tavoin.<\/p>\n<h3>Vieraskortit<\/h3>\n<p style=\"text-align: justify;\">Seuran j\u00e4sen voi ottaa mukaan mets\u00e4lle vieraan hankkimalla vieraskortin. Vieraskortin hinta on 12 \u20ac\/vrk tai 60 \u20ac\/kk. Vierakortti maksetaan suoraan seuran tilille FI39 4500 1340 0098 64<!--450013-49864-->. Kuittikopiossa pit\u00e4\u00e4 olla is\u00e4nn\u00f6iv\u00e4n j\u00e4senen nimi. Is\u00e4nt\u00e4 pit\u00e4\u00e4 olla mukana, jotta varmistuu, ett\u00e4 vieras mets\u00e4st\u00e4\u00e4 luvallisilla alueilla. Oripohjanj\u00e4rven alueella sorsastaessa saa olla korkeintaan yksi vieras yhdell\u00e4 is\u00e4nn\u00e4ll\u00e4. Vieraat saavat osallistua maksutta pienpeto- ja villisikajahteihin<\/p>\n<h3>Mett\u00e4l\u00e4<\/h3>\n<p style=\"text-align: justify;\">Hirviporukka on rakennuttanut lahtivajan Lenkkitielle. Lahtivaja nimettiin Mett\u00e4l\u00e4ksi. Lahtivajan yhteydess\u00e4 on kokoontumistila, joka soveltuu my\u00f6s kokousten j\u00e4rjest\u00e4miseen. Lahtivajan k\u00e4ytt\u00e4jiksi ovat tervetulleita my\u00f6s muut mets\u00e4stysseurat. Mett\u00e4l\u00e4n varaukset tehd\u00e4\u00e4n Johtokunnan kautta.<\/p>\n<p><a href=\"http:\/\/orivedenmetsastysseura.fi\/wp-content\/uploads\/2017\/09\/OMShirvisaanto2017.pdf\">Hirvenmets\u00e4styss\u00e4\u00e4nn\u00f6t<\/a><\/p>\n","protected":false},"excerpt":{"rendered":"<p>Mets\u00e4stysalueet Seuran pienriista-alueiden kartta jaetaan uusille j\u00e4senille ja tarvittaessa sit\u00e4 voi tilata seuran rahastonhoitajalta tai puheenjohtajalta. Kartasta ilmenee joitakin tiloja koskevat erikoisrajoitukset. Kartta on n\u00e4ht\u00e4vill\u00e4 kes\u00e4kokouksessa. Pienriistan mets\u00e4stys Pienriistan mets\u00e4styksen rajoituksista p\u00e4\u00e4tettiin seuran kokouksessa 5.8.2025 Sorsastus: Sorsastus avausp\u00e4iv\u00e4n\u00e4 ke 20.8. &hellip;<\/p>\n<p class=\"read-more\"> <a class=\"more-link\" href=\"https:\/\/orivedenmetsastysseura.fi\/?page_id=67\"> <span class=\"screen-reader-text\">Mets\u00e4stys<\/span> Read More &raquo;<\/a><\/p>\n","protected":false},"author":1,"featured_media":0,"parent":0,"menu_order":0,"comment_status":"closed","ping_status":"open","template":"","meta":{"ngg_post_thumbnail":0,"footnotes":""},"class_list":["post-67","page","type-page","status-publish","hentry"],"_links":{"self":[{"href":"https:\/\/orivedenmetsastysseura.fi\/index.php?rest_route=\/wp\/v2\/pages\/67","targetHints":{"allow":["GET"]}}],"collection":[{"href":"https:\/\/orivedenmetsastysseura.fi\/index.php?rest_route=\/wp\/v2\/pages"}],"about":[{"href":"https:\/\/orivedenmetsastysseura.fi\/index.php?rest_route=\/wp\/v2\/types\/page"}],"author":[{"embeddable":true,"href":"https:\/\/orivedenmetsastysseura.fi\/index.php?rest_route=\/wp\/v2\/users\/1"}],"replies":[{"embeddable":true,"href":"https:\/\/orivedenmetsastysseura.fi\/index.php?rest_route=%2Fwp%2Fv2%2Fcomments&post=67"}],"version-history":[{"count":58,"href":"https:\/\/orivedenmetsastysseura.fi\/index.php?rest_route=\/wp\/v2\/pages\/67\/revisions"}],"predecessor-version":[{"id":900,"href":"https:\/\/orivedenmetsastysseura.fi\/index.php?rest_route=\/wp\/v2\/pages\/67\/revisions\/900"}],"wp:attachment":[{"href":"https:\/\/orivedenmetsastysseura.fi\/index.php?rest_route=%2Fwp%2Fv2%2Fmedia&parent=67"}],"curies":[{"name":"wp","href":"https:\/\/api.w.org\/{rel}","templated":true}]}}