{"id":152,"date":"2013-10-02T18:26:12","date_gmt":"2013-10-02T15:26:12","guid":{"rendered":"http:\/\/orivedenmetsastysseura.fi\/?page_id=152"},"modified":"2025-03-29T10:30:00","modified_gmt":"2025-03-29T08:30:00","slug":"liittyminen","status":"publish","type":"page","link":"https:\/\/orivedenmetsastysseura.fi\/?page_id=152","title":{"rendered":"J\u00e4senyys"},"content":{"rendered":"<p style=\"text-align: justify;\">J\u00e4senyytt\u00e4 voi hakea j\u00e4tt\u00e4m\u00e4ll\u00e4 tammikuun loppuun menness\u00e4 j\u00e4senanomuksen <a href=\"http:\/\/orivedenmetsastysseura.fi\/?page_id=78\">johtokunnalle<\/a>. Vuonna 2025 seuraan liittymismaksu on 600 \u20ac ja vuotuinen j\u00e4senmaksu 60 \u20ac. Samanaikaisesti voi hakea maanomistajaj\u00e4senyytt\u00e4, jos omistaa itse tai perhe omistaa v\u00e4hint\u00e4\u00e4n 10 ha seuralle vuokrattua mets\u00e4stysaluetta. Maanomistajaj\u00e4senilt\u00e4 ei perit\u00e4 liittymismaksua ja vuotuinen j\u00e4senmaksu on 30 \u20ac. Nuorisoj\u00e4seneksi voivat hakea alle 18-vuotiaat, joille nimet\u00e4\u00e4n j\u00e4senist\u00e4 vastuuhenkil\u00f6.<\/p>\n<h3>Hirviporukka<\/h3>\n<p style=\"text-align: justify;\">Seuran j\u00e4senill\u00e4 on mahdollisuus liitty\u00e4 hirviporukkaan. Hirvi\u00e4 mets\u00e4stet\u00e4\u00e4n l\u00e4hinn\u00e4 koiramets\u00e4styksen\u00e4. Hirviporukan j\u00e4senelt\u00e4 edellytet\u00e4\u00e4n hirvenammuntakokeen suorittamista. Ennen kauden alkua pidet\u00e4\u00e4n hirvipalaveri, jossa sovitaan jahdin p\u00e4\u00e4linjaukset.<\/p>\n","protected":false},"excerpt":{"rendered":"<p>J\u00e4senyytt\u00e4 voi hakea j\u00e4tt\u00e4m\u00e4ll\u00e4 tammikuun loppuun menness\u00e4 j\u00e4senanomuksen johtokunnalle. Vuonna 2025 seuraan liittymismaksu on 600 \u20ac ja vuotuinen j\u00e4senmaksu 60 \u20ac. Samanaikaisesti voi hakea maanomistajaj\u00e4senyytt\u00e4, jos omistaa itse tai perhe omistaa v\u00e4hint\u00e4\u00e4n 10 ha seuralle vuokrattua mets\u00e4stysaluetta. Maanomistajaj\u00e4senilt\u00e4 ei perit\u00e4 &hellip;<\/p>\n<p class=\"read-more\"> <a class=\"more-link\" href=\"https:\/\/orivedenmetsastysseura.fi\/?page_id=152\"> <span class=\"screen-reader-text\">J\u00e4senyys<\/span> Read More &raquo;<\/a><\/p>\n","protected":false},"author":1,"featured_media":0,"parent":0,"menu_order":0,"comment_status":"closed","ping_status":"open","template":"","meta":{"ngg_post_thumbnail":0,"footnotes":""},"class_list":["post-152","page","type-page","status-publish","hentry"],"_links":{"self":[{"href":"https:\/\/orivedenmetsastysseura.fi\/index.php?rest_route=\/wp\/v2\/pages\/152","targetHints":{"allow":["GET"]}}],"collection":[{"href":"https:\/\/orivedenmetsastysseura.fi\/index.php?rest_route=\/wp\/v2\/pages"}],"about":[{"href":"https:\/\/orivedenmetsastysseura.fi\/index.php?rest_route=\/wp\/v2\/types\/page"}],"author":[{"embeddable":true,"href":"https:\/\/orivedenmetsastysseura.fi\/index.php?rest_route=\/wp\/v2\/users\/1"}],"replies":[{"embeddable":true,"href":"https:\/\/orivedenmetsastysseura.fi\/index.php?rest_route=%2Fwp%2Fv2%2Fcomments&post=152"}],"version-history":[{"count":10,"href":"https:\/\/orivedenmetsastysseura.fi\/index.php?rest_route=\/wp\/v2\/pages\/152\/revisions"}],"predecessor-version":[{"id":847,"href":"https:\/\/orivedenmetsastysseura.fi\/index.php?rest_route=\/wp\/v2\/pages\/152\/revisions\/847"}],"wp:attachment":[{"href":"https:\/\/orivedenmetsastysseura.fi\/index.php?rest_route=%2Fwp%2Fv2%2Fmedia&parent=152"}],"curies":[{"name":"wp","href":"https:\/\/api.w.org\/{rel}","templated":true}]}}